{"id":160,"date":"2018-08-11T13:43:56","date_gmt":"2018-08-11T11:43:56","guid":{"rendered":"http:\/\/premierdegre.com\/?page_id=160"},"modified":"2024-10-10T12:30:44","modified_gmt":"2024-10-10T10:30:44","slug":"ligne-editoriale","status":"publish","type":"page","link":"https:\/\/premierdegre.com\/index.php\/ligne-editoriale\/","title":{"rendered":"Untitled"},"content":{"rendered":"<div class=\"ecustomdiv\">\n<div class=\"row\">\n<div class=\"edito1\">\n<div class=\"separation\">\n<hr \/>\n<\/div>\n<h4>vue d&rsquo;ensemble<\/h4>\n<div class=\"separation\">\n<hr \/>\n<\/div>\n<p>Premier degr\u00e9 se tourne en premier lieu vers les litt\u00e9ratures de niche \u00e0 tout petit potentiel commercial, marqu\u00e9es par le refus de l\u2019ironie comme syst\u00e8me de d\u00e9fense et la r\u00e9pudiation d\u2019une certaine forme de \u00ab cool \u00bb hors d\u2019\u00e2ge pour embrasser a) le sanglot long des violons de l\u2019automne qu\u2019est la vie de jeune adulte au sortir des ann\u00e9es 2000, b) les esth\u00e9tiques ultracontemporaines h\u00e9rit\u00e9es de la culture Internet, des mouvements DIY et des usages dits <em>nerds<\/em> ou <em>geeks<\/em>, et c) la mort inexorable et progressive du naturel tel que nous le connaissons, mang\u00e9 tout cru par des outils de mise en sc\u00e8ne de soi toujours plus performants, sophistiqu\u00e9s et et en derni\u00e8re instance toxiques.<\/p>\n<div class=\"separation\">\n<hr \/>\n<\/div>\n<h4>patrons, patronnes, partis pris<\/h4>\n<div class=\"separation\">\n<hr \/>\n<\/div>\n<p>Grandes figures de \u00ab\u00a0nouveaux sinc\u00e8res \u00bb : Kelly Clarkson, Paris Hilton, Dawson, Dennis Cooper, le d\u00e9but des ann\u00e9es 2000, Paramore, les films d&rsquo;Harmony Korine, le compte Twitter d&rsquo;Isabelle Balkany,\u00a0la carri\u00e8re musicale et les apparitions t\u00e9l\u00e9 d&rsquo;Isabelle\u00a0Adjani, les blogs h\u00e9berg\u00e9s par Myspace, Loana, Jean Genet, Chris\u00a0\u201cLeave Britney Alone\u201d Crocker, Taylor Armstrong dans <em>The Real Housewives of Beverly Hills<\/em>, David Foster Wallace, Vitaa, Lorie p\u00e9riode \u00ab Je Vais Vite \u00bb, Sarah Michelle Gellar, Mike Brant, l&rsquo;adolescence en g\u00e9n\u00e9ral, les ann\u00e9es\u00a080, William Gaddis, Naruto, les albums en solo de Nicole Scherzinger et son passage dans le jury\u00a0de <em>X Factor UK<\/em>, Avril Lavigne, les po\u00e8mes pr\u00e9enregistr\u00e9s du 8 22 22, The Rock recycl\u00e9 en acteur, Mariah Carey, Sandrine Bonnaire quand elle travaille avec Maurice Pialat. Tout ce qui, touchant au ridicule d&rsquo;un cri du c\u0153ur tout nu et tout bronz\u00e9, s&rsquo;en aper\u00e7oit ou pas et continue gaiement sa route. Tout ce qui, pour le dire au plus vite, marche sur la ligne de cr\u00eate entre la parodie visqueuse et le s\u00e9rieux le plus total ; le potentiel comique de ce\u00a0\u00ab\u00a0premier degr\u00e9 \u00bb d\u00e9rivant justement du fait qu&rsquo;il\u00a0n&rsquo;a pas d&rsquo;ambitions comiques.<\/p>\n<p>Motifs de pr\u00e9dilection\u00a0: grandes femmes et (parfois) hommes issus de la pop culture, mutilations rituelles, ennui gluant et mis\u00e8re sexuelle, <em>binge drinking<\/em>, grosses cylindr\u00e9es, envies de suicide sur MSN Messenger ou Skyblog, conscience r\u00e9flexive \u00e9touffante et d\u00e9pression urbaine.<\/p>\n<div class=\"separation\">\n<hr \/>\n<\/div>\n<h4>p\u00e9rim\u00e8tre \u00e9ditorial<\/h4>\n<div class=\"separation\">\n<hr \/>\n<\/div>\n<p>Il s&rsquo;agit, on le voit, de d\u00e9fendre\u00a0des textes et des auteurs trop \u00e9loign\u00e9s de la litt\u00e9rature\u00a0<em>mainstream<\/em>\u00a0pour retenir l&rsquo;attention des \u00e9diteurs plus install\u00e9s. Le catalogue, exigeant et m\u00fbri de longue date, est donc appel\u00e9 \u00e0 se d\u00e9velopper selon une logique coh\u00e9rente, aussi localis\u00e9e que possible, qui s&rsquo;\u00e9mancipe des probl\u00e8mes de gros sous\u00a0pour relayer le travail de cr\u00e9ateurs de pointe inconnus jusqu&rsquo;alors, et qui, sans le soutien d&rsquo;une structure moins tenue par ses budgets, seraient appel\u00e9s \u00e0 le rester. Sont au programme\u00a0: formats uniques, langues atypiques et th\u00e9matiques qui ne rigolent pas.<\/p>\n<div class=\"separation\">\n<hr \/>\n<\/div>\n<h4>identit\u00e9 visuelle<\/h4>\n<div class=\"separation\">\n<hr \/>\n<\/div>\n<p><span style=\"letter-spacing: -0.1px;\">La charte graphique, aussi d\u00e9pouill\u00e9e que possible, t\u00e2che \u00e9galement de s&rsquo;inscrire en faux contre les usages de l&rsquo;\u00e9dition traditionnelle\u00a0: pas de titres et de noms d&rsquo;auteurs \u00e9normes, pas de slogans racoleurs, le moins d&rsquo;illustrations possibles et la finition la plus sobre. Les maquettes s&rsquo;inspireront\u00a0des grands standards de la typographie d&rsquo;art, avec une attention particuli\u00e8re \u00e0 la qualit\u00e9 de \u00ab l&rsquo;objet livre \u00bb au d\u00e9triment du marketing. \u00c0 noter, d&rsquo;autre part, que les livres \u00e0 venir sortiront tous en\u00a0semi-poche (18,4 x 12 centim\u00e8tres), juste milieu plus \u00e9l\u00e9gant, plus sobre et plus capable d&rsquo;hypnotiser les visiteurs depuis un gu\u00e9ridon.<\/span><\/p>\n<\/div>\n<div class=\"edito2\">\n<div class=\"separation\">\n<hr \/>\n<\/div>\n<h4>feuille de route<\/h4>\n<div class=\"separation\">\n<hr \/>\n<\/div>\n<p>Le planning actuel pr\u00e9voit la sortie d&rsquo;un titre \u00e0 moins par an, puis\u00e9s dans une grande vari\u00e9t\u00e9 de genres : romans, nouvelles, fragments, <em>narrative nonfiction<\/em>, po\u00e9sie \u00e0 la marge. Au-del\u00e0 des th\u00e9matiques qui d\u00e9finissent le geste de la litt\u00e9rature alternative, il est pr\u00e9vu de faire une large place aux textes <em>queer<\/em>\u00a0et plus g\u00e9n\u00e9ralement aux voix minoritaires, aussi bien dans l\u2019espace politique qu\u2019\u00e9ditorial. Une part du catalogue se tournera notamment vers le bizarro, la science-fiction maximaliste et les romans exp\u00e9rimentaux.<\/p>\n<div class=\"separation\">\n<hr \/>\n<\/div>\n<h4>un peu de lecture pour la route<\/h4>\n<div class=\"separation\">\n<hr \/>\n<\/div>\n<p>\u00c7a se trouve dans <em>L&rsquo;Infinie Com\u00e9die<\/em> de David Foster Wallace et \u00e7a r\u00e9sume assez bien le point de d\u00e9part des litt\u00e9ratures \u00ab\u00a0premier degr\u00e9\u00a0\u00bb\u00a0: tout ce qui se donne tel quel, ridicule, tire-larmes, poncif, m\u00e9lo, idiot, cr\u00e9tin, obsc\u00e8ne ou pas, en refusant de faire le jeu d&rsquo;une certaine forme de nonchalance con\u00e7ue comme assurance tous risques face \u00e0 l&rsquo;\u00e9chec et au jugement d&rsquo;autrui. Ce qui, en le moins de mots possible, ressort au s\u00e9rieux le plus total, aux effusions christiques, \u00e0 l&rsquo;absence pure et simple d&rsquo;ironie\u00a0<span style=\"float: none; background-color: transparent; color: #000000; font-family: 'Open Sans', serif; font-size: 12px; font-style: normal; font-variant-ligatures: normal; font-variant-caps: normal; font-variant-alternates: normal; font-variant-numeric: normal; font-variant-east-asian: normal; font-variant-position: normal; font-variant-emoji: normal; letter-spacing: normal; line-height: 22px; orphans: 2; text-align: justify; text-decoration: none; text-indent: 0px; text-transform: none; -webkit-text-stroke-width: 0px; white-space: normal; word-spacing: 0px; display: inline !important;\">\u2014<\/span> et, par le fait, \u00e0 l&rsquo;ironie que cette absence suppose encore.<\/p>\n<p style=\"padding: 10px; background: #f6f6f6; border: 1px dashed #DADADA; color: #393939; margin-bottom: 10px;\">\u00ab Dans ce pays, les prochains rebelles litt\u00e9raires dignes de ce nom seront peut-\u00eatre une clique d&rsquo;<em>anti<\/em>rebelles, mateurs n\u00e9s qui oseront, d&rsquo;une mani\u00e8re ou d&rsquo;une autre, d\u00e9poser le regard ironique, qui auront le culot et la candeur de porter haut les couleurs de l&rsquo;univocit\u00e9. Qui traiteront des tracas et \u00e9motions de la vie am\u00e9ricaine, aussi ploucs et communs soient-ils, avec d\u00e9f\u00e9rence et conviction. Qui se garderont bien de la sp\u00e9cularit\u00e9 et de la lassitude branch\u00e9e. Ces antirebelles seraient bien s\u00fbr d\u00e9pass\u00e9s avant m\u00eame de se mettre au travail. Morts avant d&rsquo;avoir pris corps. Trop sinc\u00e8res. Refoul\u00e9s, aucun doute. Attard\u00e9s, vieillots, na\u00effs, anachroniques. Peut-\u00eatre sera-ce tout l&rsquo;int\u00e9r\u00eat. Peut-\u00eatre est-ce ce qui fera d&rsquo;eux les prochains vrais rebelles. Car le vrai rebelle, que je sache, prend le risque de la d\u00e9sapprobation. En leur temps, les r\u00e9volt\u00e9s du postmodernisme ont encouru les hu\u00e9es et les hauts cris : le choc, le d\u00e9go\u00fbt, le scandale, la censure, les accusations de socialisme, d&rsquo;anarchisme, de nihilisme. De nos jours les peines encourues sont diff\u00e9rentes. Les nouveaux rebelles, qui sait, seront peut-\u00eatre les artistes pr\u00eats \u00e0 s&rsquo;exposer aux b\u00e2illements, aux yeux lev\u00e9s au ciel, aux sourires en coin, aux coups de coude dans les c\u00f4tes, aux parodies des ironistes excellents, aux \u00ab\u00a0Que c&rsquo;est trivial\u00a0\u00bb. Pr\u00eats \u00e0 s&rsquo;exposer aux accusations de sentimentalisme, de pathos. De cr\u00e9dulit\u00e9 excessive. De mollesse. Tout dispos\u00e9s \u00e0 se faire blouser par un monde de r\u00f4deurs et de reluqueurs qui craignent le regard d&rsquo;autrui et le ridicule plus que l&#8217;emprisonnement sommaire. Qui sait. La jeune fiction la plus r\u00e9solue d&rsquo;aujourd&rsquo;hui semble d\u00e9cid\u00e9ment arriver en fin de fin de parcours. Que chacun en tire ses propres conclusions. Pas le choix. Si on ne vit pas une \u00e9poque formidable. \u00bb<\/p>\n<div class=\"separation\">\n<hr \/>\n<\/div>\n<h4>\u00e0 propos<\/h4>\n<div class=\"separation\">\n<hr \/>\n<\/div>\n<p>\u00c9diteur dans le circuit traditionnel, je m&rsquo;occupe personnellement du d\u00e9frichage, de l&rsquo;achat des droits, de la traduction, de l&rsquo;\u00e9dition, du maquettage, de la composition, de la promotion et de l&rsquo;envoi des livres de la maison en marge de mes activit\u00e9s dans le civil. Conscient tout d&rsquo;abord comme consommateur du vide \u00e9ditorial fran\u00e7ais en ce qui concerne l&rsquo;importation et la diffusion de textes dits \u00ab de pointe \u00bb, c&rsquo;est ma double familiarit\u00e9 avec la sc\u00e8ne litt\u00e9raire am\u00e9ricaine ind\u00e9pendante et le milieu de l&rsquo;\u00e9dition qui m&rsquo;a convaincu de cr\u00e9er cette microstructure.<\/p>\n<\/div>\n<\/div>\n<\/div>\n","protected":false},"excerpt":{"rendered":"<p>vue d&rsquo;ensemble Premier degr\u00e9 se tourne en premier lieu vers les litt\u00e9ratures de niche \u00e0 tout petit potentiel commercial, marqu\u00e9es par le refus de l\u2019ironie comme syst\u00e8me de d\u00e9fense et la r\u00e9pudiation d\u2019une certaine forme de \u00ab cool \u00bb hors d\u2019\u00e2ge pour embrasser a) le sanglot long des violons de l\u2019automne qu\u2019est la vie de [&hellip;]<\/p>\n","protected":false},"author":1,"featured_media":0,"parent":0,"menu_order":0,"comment_status":"closed","ping_status":"closed","template":"","meta":{"footnotes":""},"class_list":["post-160","page","type-page","status-publish","hentry"],"_links":{"self":[{"href":"https:\/\/premierdegre.com\/index.php\/wp-json\/wp\/v2\/pages\/160","targetHints":{"allow":["GET"]}}],"collection":[{"href":"https:\/\/premierdegre.com\/index.php\/wp-json\/wp\/v2\/pages"}],"about":[{"href":"https:\/\/premierdegre.com\/index.php\/wp-json\/wp\/v2\/types\/page"}],"author":[{"embeddable":true,"href":"https:\/\/premierdegre.com\/index.php\/wp-json\/wp\/v2\/users\/1"}],"replies":[{"embeddable":true,"href":"https:\/\/premierdegre.com\/index.php\/wp-json\/wp\/v2\/comments?post=160"}],"version-history":[{"count":57,"href":"https:\/\/premierdegre.com\/index.php\/wp-json\/wp\/v2\/pages\/160\/revisions"}],"predecessor-version":[{"id":1580,"href":"https:\/\/premierdegre.com\/index.php\/wp-json\/wp\/v2\/pages\/160\/revisions\/1580"}],"wp:attachment":[{"href":"https:\/\/premierdegre.com\/index.php\/wp-json\/wp\/v2\/media?parent=160"}],"curies":[{"name":"wp","href":"https:\/\/api.w.org\/{rel}","templated":true}]}}