{"id":24,"date":"2018-08-06T01:38:14","date_gmt":"2018-08-05T23:38:14","guid":{"rendered":"https:\/\/premierdegre.com\/?page_id=24"},"modified":"2024-10-10T12:20:52","modified_gmt":"2024-10-10T10:20:52","slug":"premier-degre","status":"publish","type":"page","link":"https:\/\/premierdegre.com\/","title":{"rendered":"Untitled"},"content":{"rendered":"<div class=\"encarthaut\">\n<div class=\"actu\">\n<h4>sortie de <i>Femelles<\/i> d&rsquo;Andrea Long Chu<\/h4>\n<div class=\"separation\">\n<hr \/>\n<\/div>\n<p>Le quatri\u00e8me titre des \u00e9ditions Premier degr\u00e9, <i>Femelles<\/i> d&rsquo;Andrea Long Chu, est maintenant disponible via la boutique du site \u2014 au format print, eBook et\/ou PDF \u2014 ainsi qu\u2019en librairie. Plus de d\u00e9tails \u2014 synopsis, extrait choisi, pagination, ISBN, couverture grand format \u2014 sur la <a href=\"https:\/\/premierdegre.com\/index.php\/produit\/femelles-andrea-long-chu-papier\/\">fiche aff\u00e9rente<\/a>. Contact presse et libraires en pied de page du site.<\/p>\n<\/div>\n<div class=\"hautdroite\">\n<div class=\"descript\">\n<h4>en quelques mots<\/h4>\n<div class=\"separation\">\n<hr \/>\n<\/div>\n<p>Les \u00e9ditions Premier degr\u00e9 sont une maison de litt\u00e9rature am\u00e9ricaine alternative, sp\u00e9cifiquement tourn\u00e9e vers l\u2019importation et la promotion de textes estampill\u00e9s \u00ab <em>alt-lit<\/em> \u00bb, \u00ab post-ironie \u00bb ou plus g\u00e9n\u00e9ralement \u00ab nouvelle sinc\u00e9rit\u00e9 \u00bb, peu ou pas pris en charge par l\u2019\u00e9dition traditionnelle et souvent introuvables en librairies fran\u00e7aises, qu\u2019elles soient de langue anglaise ou pas.<\/p>\n<\/div>\n<div class=\"social\">\n<ul>\n<li><a href=\"https:\/\/www.facebook.com\/editionspremierdegre\/\"><img loading=\"lazy\" decoding=\"async\" class=\"alignnone size-full wp-image-341\" src=\"http:\/\/premierdegre.com\/wp-content\/uploads\/2018\/08\/iconmonstr-facebook-5-32.png\" alt=\"\" width=\"32\" height=\"32\" \/><\/a><\/li>\n<li><a href=\"https:\/\/twitter.com\/EdsPremierDegre\"><img loading=\"lazy\" decoding=\"async\" class=\"alignnone size-full wp-image-342\" src=\"http:\/\/premierdegre.com\/wp-content\/uploads\/2018\/08\/iconmonstr-twitter-5-32.png\" alt=\"\" width=\"32\" height=\"32\" \/><\/a><\/li>\n<li><a href=\"https:\/\/www.instagram.com\/editionspremierdegre\/\"><img loading=\"lazy\" decoding=\"async\" class=\"alignnone size-full wp-image-343\" src=\"http:\/\/premierdegre.com\/wp-content\/uploads\/2018\/08\/iconmonstr-instagram-10-32.png\" alt=\"\" width=\"32\" height=\"32\" \/><\/a><\/li>\n<li><a href=\"https:\/\/www.linkedin.com\/company\/18748533\/\"><img loading=\"lazy\" decoding=\"async\" class=\"alignnone wp-image-339 size-full\" src=\"http:\/\/premierdegre.com\/wp-content\/uploads\/2018\/08\/iconmonstr-linkedin-5-32.png\" alt=\"\" width=\"32\" height=\"32\" \/><\/a><\/li>\n<li><a href=\"mailto:clement@premierdegre.com\"><img loading=\"lazy\" decoding=\"async\" class=\"alignnone size-full wp-image-348\" src=\"http:\/\/premierdegre.com\/wp-content\/uploads\/2018\/08\/iconmonstr-email-11-32.png\" alt=\"\" width=\"32\" height=\"32\" \/><\/a><\/li>\n<\/ul>\n<div class=\"customdiv\">\n<div class=\"produitstar\">\n<div class=\"imagestar\"><img loading=\"lazy\" decoding=\"async\" width=\"1417\" height=\"2173\" class=\"alignnone size-full wp-image-680\" src=\"https:\/\/premierdegre.com\/wp-content\/uploads\/2021\/02\/Andrea-Long-Chu-couverture-1.jpg\" alt=\"\" srcset=\"https:\/\/premierdegre.com\/wp-content\/uploads\/2021\/02\/Andrea-Long-Chu-couverture-1.jpg 1417w, https:\/\/premierdegre.com\/wp-content\/uploads\/2021\/02\/Andrea-Long-Chu-couverture-1-485x744.jpg 485w, https:\/\/premierdegre.com\/wp-content\/uploads\/2021\/02\/Andrea-Long-Chu-couverture-1-196x300.jpg 196w, https:\/\/premierdegre.com\/wp-content\/uploads\/2021\/02\/Andrea-Long-Chu-couverture-1-668x1024.jpg 668w, https:\/\/premierdegre.com\/wp-content\/uploads\/2021\/02\/Andrea-Long-Chu-couverture-1-768x1178.jpg 768w, https:\/\/premierdegre.com\/wp-content\/uploads\/2021\/02\/Andrea-Long-Chu-couverture-1-1002x1536.jpg 1002w, https:\/\/premierdegre.com\/wp-content\/uploads\/2021\/02\/Andrea-Long-Chu-couverture-1-1335x2048.jpg 1335w\" sizes=\"auto, (max-width: 1417px) 100vw, 1417px\" \/><\/div>\n<div class=\"descriptstar\"><h9>andrea long chu<br \/>\nfemelles<br \/>\nessai<br \/>\n14 \u20ac<br \/>\nsortie le 15 avril<br \/>\n<a href=\"https:\/\/premierdegre.com\/index.php\/produit\/femelles-andrea-long-chu-papier\/\">version papier<\/a> \/ <a href=\"https:\/\/premierdegre.com\/index.php\/produit\/femelles-andrea-long-chu-ebook\/\">version ebook<\/a><\/h9><\/p>\n<p style=\"padding: 5px 10px 5px 10px; text-align: justify; background: #f6f6f6; border: 1px dashed #e7e7e7; color: #393939; margin-bottom: 10px;\">Pour le probl\u00e8me qui nous occupe, j\u2019appellerai <em>femelle<\/em> toute op\u00e9ration psychique dans laquelle le moi se sacrifie au profit des d\u00e9sirs de l\u2019autre. Ces d\u00e9sirs peuvent \u00eatre r\u00e9els ou fantasm\u00e9s, concentr\u00e9s ou diffus \u2014 les exigences sexuelles d\u2019un petit ami, un faisceau d\u2019attentes culturelles, une grossesse mat\u00e9rielle \u2014, mais le moi se vide quoi qu\u2019il en soit de lui-m\u00eame et sert d\u2019incubateur \u00e0 une puissance externe. \u00catre femelle c\u2019est laisser quelqu\u2019un d\u2019autre mener le travail du d\u00e9sir \u00e0 sa place, \u00e0 ses d\u00e9pens aussi. \u00c7a signifie que la femellit\u00e9, bien qu\u2019elle ne fasse souffrir qu\u2019\u00e0 des moments donn\u00e9s, est par essence pr\u00e9judiciable. Son retentissement terminal, au moins dans les cas recens\u00e9s jusqu\u2019ici, est la mort.<br \/>\nIl s\u2019agit, \u00e7a va de soi, d\u2019une d\u00e9finition hautement contestable. Elle semble d\u2019autant plus fantaisiste si vous, comme moi, l\u2019appliquez \u00e0 tout le monde \u2014 litt\u00e9ralement tout le monde, chaque petit \u00eatre humain depuis la cr\u00e9ation de la plan\u00e8te. Donc c\u2019est bien \u00e7a : quand je parle de femelles, je ne parle pas de sexe biologique, quoique je ne fasse pas r\u00e9f\u00e9rence au genre non plus. Je parle en fait de quelque chose qui pourrait tout aussi bien \u00eatre le sexe tel que les r\u00e9actionnaires le d\u00e9crivent (permanent, toujours identique \u00e0 lui-m\u00eame, etc.), mais dont la nature est ontologique, pas biologique. La femellit\u00e9 n\u2019est pas le caract\u00e8re anatomique ou g\u00e9n\u00e9tique d\u2019un organisme mais plut\u00f4t la condition existentielle universelle, l\u2019unique structure de la conscience humaine. \u00catre, c\u2019est \u00eatre femelle : les deux sont identiques.<\/p>\n<\/div>\n<\/div>\n<div class=\"row\">\n<div class=\"column1\" style=\"text-align: center;\">\n<p><img loading=\"lazy\" decoding=\"async\" class=\"size-full wp-image-13 aligncenter\" src=\"http:\/\/premierdegre.com\/wp-content\/uploads\/2019\/10\/Couv-Calloway-d\u00e9f.png\" alt=\"\" width=\"295\" height=\"515\" \/><\/p>\n<div class=\"separation\">\n<hr \/>\n<\/div>\n<p><h9>quel but ai-je servi dans ta vie, marie calloway<br \/>\n<a href=\"https:\/\/premierdegre.com\/index.php\/produit\/quel-but-ai-je-servi-dans-ta-vie-marie-calloway-papier\/\">papier<\/a> \/ <a href=\"https:\/\/premierdegre.com\/index.php\/produit\/quel-but-ai-je-servi-dans-ta-vie-marie-calloway-ebook\/\">eBook<\/a><\/p>\n<p><\/h9><\/div>\n<div class=\"column2\" style=\"text-align: center;\">\n<p><img loading=\"lazy\" decoding=\"async\" class=\"size-full wp-image-13 aligncenter\" src=\"http:\/\/premierdegre.com\/wp-content\/uploads\/2018\/08\/Couverture-Premier-degr\u00e9-DEF2.png\" alt=\"\" width=\"295\" height=\"515\" \/><\/p>\n<div class=\"separation\">\n<hr \/>\n<\/div>\n<p><h9>personne, sam pink<br \/>\n<a href=\"https:\/\/premierdegre.com\/index.php\/produit\/personne-sam-pink-papier\/\">papier<\/a> \/ <a href=\"https:\/\/premierdegre.com\/index.php\/produit\/personne-sam-pink-ebook\/\">ebook<\/a><\/p>\n<p><\/h9><\/div>\n<div class=\"column3\" style=\"text-align: center;\">\n<p><img loading=\"lazy\" decoding=\"async\" class=\"size-full wp-image-19 aligncenter\" src=\"http:\/\/premierdegre.com\/wp-content\/uploads\/2018\/08\/Couverture-Premier-degr\u00e9-DEF2adams.png\" alt=\"\" width=\"295\" height=\"515\" \/><\/p>\n<div class=\"separation\">\n<hr \/>\n<\/div>\n<p><h9>une famille contemporaine, socrates adams<br \/>\n<a href=\"https:\/\/premierdegre.com\/index.php\/produit\/une-famille-contemporaine-socrates-adams-papier\/\">papier<\/a> \/ <a href=\"https:\/\/premierdegre.com\/index.php\/produit\/une-famille-contemporaine-socrates-adams-ebook\/\">ebook<\/a><\/p>\n<p><\/h9><\/div>\n<\/div>\n<\/div>\n<\/div>\n<\/div>\n<\/div>\n","protected":false},"excerpt":{"rendered":"<p>sortie de Femelles d&rsquo;Andrea Long Chu Le quatri\u00e8me titre des \u00e9ditions Premier degr\u00e9, Femelles d&rsquo;Andrea Long Chu, est maintenant disponible via la boutique du site \u2014 au format print, eBook et\/ou PDF \u2014 ainsi qu\u2019en librairie. Plus de d\u00e9tails \u2014 synopsis, extrait choisi, pagination, ISBN, couverture grand format \u2014 sur la fiche aff\u00e9rente. Contact presse [&hellip;]<\/p>\n","protected":false},"author":1,"featured_media":0,"parent":0,"menu_order":0,"comment_status":"closed","ping_status":"closed","template":"","meta":{"footnotes":""},"class_list":["post-24","page","type-page","status-publish","hentry"],"_links":{"self":[{"href":"https:\/\/premierdegre.com\/index.php\/wp-json\/wp\/v2\/pages\/24","targetHints":{"allow":["GET"]}}],"collection":[{"href":"https:\/\/premierdegre.com\/index.php\/wp-json\/wp\/v2\/pages"}],"about":[{"href":"https:\/\/premierdegre.com\/index.php\/wp-json\/wp\/v2\/types\/page"}],"author":[{"embeddable":true,"href":"https:\/\/premierdegre.com\/index.php\/wp-json\/wp\/v2\/users\/1"}],"replies":[{"embeddable":true,"href":"https:\/\/premierdegre.com\/index.php\/wp-json\/wp\/v2\/comments?post=24"}],"version-history":[{"count":164,"href":"https:\/\/premierdegre.com\/index.php\/wp-json\/wp\/v2\/pages\/24\/revisions"}],"predecessor-version":[{"id":1574,"href":"https:\/\/premierdegre.com\/index.php\/wp-json\/wp\/v2\/pages\/24\/revisions\/1574"}],"wp:attachment":[{"href":"https:\/\/premierdegre.com\/index.php\/wp-json\/wp\/v2\/media?parent=24"}],"curies":[{"name":"wp","href":"https:\/\/api.w.org\/{rel}","templated":true}]}}