{"id":136,"date":"2018-08-10T16:46:15","date_gmt":"2018-08-10T14:46:15","guid":{"rendered":"http:\/\/premierdegre.com\/?post_type=product&#038;p=136"},"modified":"2019-10-26T16:41:45","modified_gmt":"2019-10-26T14:41:45","slug":"personne-sam-pink-ebook","status":"publish","type":"product","link":"https:\/\/premierdegre.com\/index.php\/produit\/personne-sam-pink-ebook\/","title":{"rendered":"Personne <br>Sam Pink <div class=\"wooseparation\"><hr><\/div>eBook"},"content":{"rendered":"<h4>extrait<\/h4>\n<div class=\"separation\">\n<hr \/>\n<\/div>\n<p style=\"padding: 10px; background: #f6f6f6; border: 1px dashed #e7e7e7; color: #393939; margin-bottom: 10px;\">Une autre chose que je fais de plus en plus c\u2019est m\u2019asseoir dans la ligne bleue du m\u00e9tro et voyager une heure ou deux en ne cherchant pas de travail.<br \/>\nC\u2019est agr\u00e9able.<br \/>\nJe m\u2019assure de regarder mes pieds pour ne pas croiser de travail par m\u00e9garde.<br \/>\nC\u2019est sympa de juste \u00e9couter le bruit du m\u00e9tro sur les rails.<br \/>\nC\u2019est sympa.<br \/>\nLe meilleur moment c\u2019est \u00e0 cet endroit dans le centre-ville. Le train d\u00e9crit un grand virage et le soleil et ce panneau avec une grenouille rigolote apparaissent tous les deux.<br \/>\nJ\u2019adore !<br \/>\nEn ce moment, je suis la seule personne dans mon wagon.<br \/>\nIl y a une publicit\u00e9 pour une fac de premier cycle sur le wagon.<br \/>\nIl y a un homme qui porte des livres et sourit sur la pub.<br \/>\nIl a l\u2019air sympathique.<br \/>\nUn jour je comprendrai \u00e0 quel arr\u00eat la fac de premier cycle se trouve et ensuite je m\u2019y rendrai et je rencontrerai cet homme et on se soutiendra mutuellement face \u00e0 la vie.<\/p>\n","protected":false},"excerpt":{"rendered":"<p>&nbsp;<\/p>\n<p>Chicago. Un homme sans \u00e2ge et sans pr\u00e9nom passe de ruelles en sup\u00e9rettes. Pas de famille, d\u2019emploi, de centres d\u2019int\u00e9r\u00eat. Juste un colocataire certain d\u2019avoir une tache d\u2019encre sur la nuque et une fille au premier \u00e9tage de son immeuble avec laquelle il couche parfois. L\u2019essentiel de son temps, qu\u2019il passe entre un sac de couchage \u00e0 m\u00eame sa chambre et des allers-retours sans but dans le m\u00e9tro, sert de pr\u00e9texte \u00e0 un \u00e9tat des lieux path\u00e9tique et bouffon de la vie de jeunes adultes anonymes, moyennement propres et doucement marginaux, abandonn\u00e9s aux marges des m\u00e9gapoles \u00e9tasuniennes.<\/p>\n<p>Ce tr\u00e8s court roman, <strong>racont\u00e9 au plus sec et au plus robotique<\/strong>, se d\u00e9ploie dans l\u2019interstice entre les fantasmes de son narrateur \u2014 apocalypse, chiots \u00e0 l\u2019accent n\u00e9erlandais, trous noirs, animateurs de t\u00e9l\u00e9achat\u00a0\u2014 et le <strong>retour syst\u00e9matique \u00e0 sa r\u00e9alit\u00e9 gris\u00e2tre<\/strong> : gares tremp\u00e9es de pisse, surfaces autorouti\u00e8res, espaces verts esseul\u00e9s, de rares interactions avec les autres <em>misfits<\/em> du quartier.<\/p>\n<p>Sam Pink, <strong>figure embl\u00e9matique de la litt\u00e9rature DIY<\/strong> aux \u00c9tats-Unis, est \u00e0 la t\u00eate d\u2019une \u0153uvre cons\u00e9quente <strong>jamais traduite en France<\/strong>. Il est notamment l\u2019auteur de <em>Witch Piss<\/em>, <em>I Am Going To Clone Myself Then Kill the Clone and Eat It<\/em> et <em>The Self-Esteem Holocaust Comes Home<\/em>.<\/p>\n<p>&nbsp;<\/p>\n","protected":false},"featured_media":143,"template":"","meta":[],"product_brand":[],"product_cat":[21],"product_tag":[],"class_list":{"0":"post-136","1":"product","2":"type-product","3":"status-publish","4":"has-post-thumbnail","6":"product_cat-ebook","8":"first","9":"instock","10":"downloadable","11":"virtual","12":"purchasable","13":"product-type-simple"},"_links":{"self":[{"href":"https:\/\/premierdegre.com\/index.php\/wp-json\/wp\/v2\/product\/136","targetHints":{"allow":["GET"]}}],"collection":[{"href":"https:\/\/premierdegre.com\/index.php\/wp-json\/wp\/v2\/product"}],"about":[{"href":"https:\/\/premierdegre.com\/index.php\/wp-json\/wp\/v2\/types\/product"}],"wp:featuredmedia":[{"embeddable":true,"href":"https:\/\/premierdegre.com\/index.php\/wp-json\/wp\/v2\/media\/143"}],"wp:attachment":[{"href":"https:\/\/premierdegre.com\/index.php\/wp-json\/wp\/v2\/media?parent=136"}],"wp:term":[{"taxonomy":"product_brand","embeddable":true,"href":"https:\/\/premierdegre.com\/index.php\/wp-json\/wp\/v2\/product_brand?post=136"},{"taxonomy":"product_cat","embeddable":true,"href":"https:\/\/premierdegre.com\/index.php\/wp-json\/wp\/v2\/product_cat?post=136"},{"taxonomy":"product_tag","embeddable":true,"href":"https:\/\/premierdegre.com\/index.php\/wp-json\/wp\/v2\/product_tag?post=136"}],"curies":[{"name":"wp","href":"https:\/\/api.w.org\/{rel}","templated":true}]}}