{"id":391,"date":"2018-08-16T21:58:16","date_gmt":"2018-08-16T19:58:16","guid":{"rendered":"http:\/\/premierdegre.com\/?post_type=product&#038;p=391"},"modified":"2019-06-24T15:20:20","modified_gmt":"2019-06-24T13:20:20","slug":"une-famille-contemporaine-socrates-adams-papier","status":"publish","type":"product","link":"https:\/\/premierdegre.com\/index.php\/produit\/une-famille-contemporaine-socrates-adams-papier\/","title":{"rendered":"Une famille contemporaine <br>Socrates Adams <div class=\"wooseparation\"><hr><\/div>Papier"},"content":{"rendered":"<h4>extrait<\/h4>\n<div class=\"separation\">\n<hr \/>\n<\/div>\n<p style=\"padding: 10px; background: #f6f6f6; border: 1px dashed #e7e7e7; color: #393939; margin-bottom: 10px;\">Elle signe sur la tablette et prend le colis du livreur. Elle dit au revoir et ferme la porte d\u2019entr\u00e9e. Prudence voulait juste offrir un caf\u00e9 au livreur et lui dire qu\u2019elle \u00e9tait de retour sur le march\u00e9 du travail. Oh, quel genre de travail, aurait demand\u00e9 le livreur. Rien de trop extravagant, juste de la t\u00e9l\u00e9vision, aurait malicieusement dit Prudence, puis elle aurait conclu, c\u2019est moins glamour que ce que vous vous imaginez.<br \/>\nElle se dirige vers la table de cuisine et s\u2019assied. Elle ouvre le colis. C\u2019est l\u2019assiette comm\u00e9morative qu\u2019elle avait command\u00e9e pour le mariage royal. Elle est de tr\u00e8s mauvaise facture. La peinture est mal faite et les finitions sont irr\u00e9guli\u00e8res et granuleuses. Elle regarde la jeune Kate Middleton sur l\u2019assiette et la hait. Elle regarde son teint de p\u00eache et son sourire gracieux, salubre. Elle voudrait briser son mariage. Elle voudrait se glisser dans le lit du prince William pendant qu\u2019il dort et se lover contre son corps royal.<br \/>\nPrudence Martin est dans un sale \u00e9tat.<br \/>\nElle ouvre un nouveau document sur Microsoft Word. Elle intitule le document : Prudence Martin Est Dans un Sale \u00c9tat. Elle ferme le programme et, quand on lui demande si elle veut sauvegarder ses modifications, elle clique sur non.<\/p>\n","protected":false},"excerpt":{"rendered":"<p>&nbsp;<\/p>\n<p>Il y a d\u2019abord le p\u00e8re, animateur de t\u00e9l\u00e9 \u00e0 succ\u00e8s et loser hidalgo tyrannis\u00e9 par ses coll\u00e8gues. Ensuite la m\u00e8re, femme au foyer bouffie de n\u00e9vroses, pouss\u00e9e \u00e0 la folie par le mariage royal entre le fils Windsor et sa fianc\u00e9e Kate, qu\u2019elle adule et jalouse. Puis la grande s\u0153ur adolescente, plastique de r\u00eave et passion refoul\u00e9e pour sa meilleure amie, lanc\u00e9e presque malgr\u00e9 elle dans le mannequinat et le sexe de rencontre. Reste Bobby, le cadet, tant\u00f4t cancre au coll\u00e8ge, tant\u00f4t trafiquant de magazines porno pour financer son addiction \u00e0 <em>World of Warcraft<\/em>.<\/p>\n<p>En marge de son aspect <strong>puissamment satirique<\/strong> et de la <strong>lumi\u00e8re grotesque<\/strong> qu\u2019il jette sur les conventions de la moyenne bourgeoisie anglaise, c\u2019est son <strong><em>crescendo<\/em> outrancier, narr\u00e9 de mani\u00e8re clinique et grin\u00e7ante<\/strong>, qui fait la singularit\u00e9 de ce second roman marqu\u00e9 par une grande vari\u00e9t\u00e9 de formes, <strong>\u00e0 mi-chemin de la grisaille classe moyenne et de la com\u00e9die d\u2019horreur<\/strong>.<\/p>\n<p>Socrates Adams, jeune auteur britannique, <strong>s\u2019est fait remarquer dans les milieux ind\u00e9pendants<\/strong> avec <em>Everything\u2019s Fine<\/em>, paru en 2012. <em>Une famille contemporaine<\/em> est son deuxi\u00e8me roman. L\u2019une des seules voix de la litt\u00e9rature \u00ab\u00a0<em>alt-lit<\/em>\u00a0\u00bb qui n\u2019\u00e9mane pas du Canada ou des \u00c9tats-Unis, il en propose <strong>un \u00e9clairage plus explicitement social<\/strong> : d\u00e9shumanisation par le travail, arch\u00e9types familiaux, rapports de genres, etc.<\/p>\n","protected":false},"featured_media":401,"template":"","meta":[],"product_brand":[],"product_cat":[20],"product_tag":[],"class_list":{"0":"post-391","1":"product","2":"type-product","3":"status-publish","4":"has-post-thumbnail","6":"product_cat-papier","8":"first","9":"instock","10":"shipping-taxable","11":"purchasable","12":"product-type-simple"},"_links":{"self":[{"href":"https:\/\/premierdegre.com\/index.php\/wp-json\/wp\/v2\/product\/391","targetHints":{"allow":["GET"]}}],"collection":[{"href":"https:\/\/premierdegre.com\/index.php\/wp-json\/wp\/v2\/product"}],"about":[{"href":"https:\/\/premierdegre.com\/index.php\/wp-json\/wp\/v2\/types\/product"}],"wp:featuredmedia":[{"embeddable":true,"href":"https:\/\/premierdegre.com\/index.php\/wp-json\/wp\/v2\/media\/401"}],"wp:attachment":[{"href":"https:\/\/premierdegre.com\/index.php\/wp-json\/wp\/v2\/media?parent=391"}],"wp:term":[{"taxonomy":"product_brand","embeddable":true,"href":"https:\/\/premierdegre.com\/index.php\/wp-json\/wp\/v2\/product_brand?post=391"},{"taxonomy":"product_cat","embeddable":true,"href":"https:\/\/premierdegre.com\/index.php\/wp-json\/wp\/v2\/product_cat?post=391"},{"taxonomy":"product_tag","embeddable":true,"href":"https:\/\/premierdegre.com\/index.php\/wp-json\/wp\/v2\/product_tag?post=391"}],"curies":[{"name":"wp","href":"https:\/\/api.w.org\/{rel}","templated":true}]}}