{"id":668,"date":"2021-04-08T00:00:12","date_gmt":"2021-04-07T22:00:12","guid":{"rendered":"https:\/\/premierdegre.com\/?post_type=product&#038;p=668"},"modified":"2021-04-09T18:13:59","modified_gmt":"2021-04-09T16:13:59","slug":"femelles-andrea-long-chu-ebook","status":"publish","type":"product","link":"https:\/\/premierdegre.com\/index.php\/produit\/femelles-andrea-long-chu-ebook\/","title":{"rendered":"Femelles <br>Andrea Long Chu <div class=\"wooseparation\"><hr><\/div>eBook"},"content":{"rendered":"<h4>extrait<\/h4>\n<div class=\"separation\">\n<hr \/>\n<\/div>\n<p style=\"padding: 10px; background: #f6f6f6; border: 1px dashed #e7e7e7; color: #393939; margin-bottom: 10px;\">Pour le probl\u00e8me qui nous occupe, j\u2019appellerai femelle toute op\u00e9ration psychique dans laquelle le moi se sacrifie au profit des d\u00e9sirs de l\u2019autre. Ces d\u00e9sirs peuvent \u00eatre r\u00e9els ou fantasm\u00e9s, concentr\u00e9s ou diffus \u2014 les exigences sexuelles d\u2019un petit ami, un faisceau d\u2019attentes culturelles, une grossesse mat\u00e9rielle \u2014, mais le moi se vide quoi qu\u2019il en soit de lui-m\u00eame et sert d\u2019incubateur \u00e0 une puissance externe. \u00catre femelle c\u2019est laisser quelqu\u2019un d\u2019autre mener le travail du d\u00e9sir \u00e0 sa place, \u00e0 ses d\u00e9pens aussi. \u00c7a signifie que la femellit\u00e9, bien qu\u2019elle ne fasse souffrir qu\u2019\u00e0 des moments donn\u00e9s, est par essence pr\u00e9judiciable. Son retentissement terminal, au moins dans les cas recens\u00e9s jusqu\u2019ici, est la mort.<br \/>\nIl s\u2019agit, \u00e7a va de soi, d\u2019une d\u00e9finition hautement contestable. Elle semble d\u2019autant plus fantaisiste si vous, comme moi, l\u2019appliquez \u00e0 tout le monde \u2014 litt\u00e9ralement tout le monde, chaque petit \u00eatre humain depuis la cr\u00e9ation de la plan\u00e8te. Donc c\u2019est bien \u00e7a : quand je parle de femelles, je ne parle pas de sexe biologique, quoique je ne fasse pas r\u00e9f\u00e9rence au genre non plus. Je parle en fait de quelque chose qui pourrait tout aussi bien \u00eatre le sexe tel que les r\u00e9actionnaires le d\u00e9crivent (permanent, toujours identique \u00e0 lui-m\u00eame, etc.), mais dont la nature est ontologique, pas biologique. La femellit\u00e9 n\u2019est pas le caract\u00e8re anatomique ou g\u00e9n\u00e9tique d\u2019un organisme mais plut\u00f4t la condition existentielle univer- selle, l\u2019unique structure de la conscience humaine. \u00catre, c\u2019est \u00eatre femelle : les deux sont identiques.<\/p>\n","protected":false},"excerpt":{"rendered":"<p>&nbsp;<\/p>\n<p>\u00ab <b>Tout le monde est femelle, et tout le monde d\u00e9teste \u00e7a<\/b>\u00a0\u00bb\u00a0: c\u2019est par ces mots que d\u00e9bute le manifeste d\u2019Andrea Long Chu, tour \u00e0 tour compte-rendu de sa r\u00e9assignation de genre, histoire du f\u00e9minisme occidental, radiographie de la manosph\u00e8re \u00e9tasunienne, lecture \u00e0 contre-emploi de la vulgate freudienne et r\u00e9flexion sur l\u2019Internet 2.0, pornographie de niche incluse. Au centre du texte, une conviction \u00e0 m\u00eame de bouleverser les fondations de notre politique des genres\u00a0: <b>\u00eatre femelle tient moins de l\u2019\u00e9tat de fait biologique que d\u2019une infirmit\u00e9 de nature existentielle dont nous sommes tous victimes<\/b>, les hommes, les femmes et tous les autres aussi.<\/p>\n<p>Compos\u00e9e dans les marges d\u2019<b>une pi\u00e8ce perdue de Valerie Solanas<\/b> \u2014\u00a0l\u2019autrice de <i>SCUM Manifesto<\/i> c\u00e9l\u00e8bre pour avoir ouvert le feu sur Andy Warhol \u2014, <i>Femelles<\/i> propose un \u00e9clairage iconoclaste \u00e0 mi-chemin du t\u00e9moignage et de l\u2019essai sur <b>le masculinisme, la pornographie, la transidentit\u00e9<\/b> et plus globalement <b>le genre, entendu comme violence ourdie contre soi-m\u00eame pour le d\u00e9sir d\u2019autrui.<\/b><\/p>\n<p>Autrice, critique et essayiste largement reconnue comme la <b>pionni\u00e8re de la<span class=\"Apple-converted-space\">\u00a0 <\/span>\u00ab\u00a0deuxi\u00e8me vague\u00a0\u00bb des \u00e9tudes sur la trans\u00adide\u00adn\u00ad\u00adtit\u00e9<\/b>, Andrea Long Chu pr\u00e9pare actuel\u00adlement sa th\u00e8se en litt\u00e9rature compar\u00e9e \u00e0 New York University. Ses publi\u00adcations sur le genre lui ont valu un large \u00e9cho dans la recherche et dans la presse am\u00e9ricaines.<\/p>\n<p>&nbsp;<\/p>\n","protected":false},"featured_media":673,"template":"","meta":[],"product_brand":[],"product_cat":[15],"product_tag":[],"class_list":{"0":"post-668","1":"product","2":"type-product","3":"status-publish","4":"has-post-thumbnail","6":"product_cat-non-classe","8":"first","9":"instock","10":"downloadable","11":"virtual","12":"purchasable","13":"product-type-simple"},"_links":{"self":[{"href":"https:\/\/premierdegre.com\/index.php\/wp-json\/wp\/v2\/product\/668","targetHints":{"allow":["GET"]}}],"collection":[{"href":"https:\/\/premierdegre.com\/index.php\/wp-json\/wp\/v2\/product"}],"about":[{"href":"https:\/\/premierdegre.com\/index.php\/wp-json\/wp\/v2\/types\/product"}],"wp:featuredmedia":[{"embeddable":true,"href":"https:\/\/premierdegre.com\/index.php\/wp-json\/wp\/v2\/media\/673"}],"wp:attachment":[{"href":"https:\/\/premierdegre.com\/index.php\/wp-json\/wp\/v2\/media?parent=668"}],"wp:term":[{"taxonomy":"product_brand","embeddable":true,"href":"https:\/\/premierdegre.com\/index.php\/wp-json\/wp\/v2\/product_brand?post=668"},{"taxonomy":"product_cat","embeddable":true,"href":"https:\/\/premierdegre.com\/index.php\/wp-json\/wp\/v2\/product_cat?post=668"},{"taxonomy":"product_tag","embeddable":true,"href":"https:\/\/premierdegre.com\/index.php\/wp-json\/wp\/v2\/product_tag?post=668"}],"curies":[{"name":"wp","href":"https:\/\/api.w.org\/{rel}","templated":true}]}}